{"id":11,"date":"2017-10-30T15:11:53","date_gmt":"2017-10-30T15:11:53","guid":{"rendered":"http:\/\/www.abssensor.net\/?page_id=11"},"modified":"2020-03-23T09:35:29","modified_gmt":"2020-03-23T09:35:29","slug":"hakkimizda","status":"publish","type":"page","link":"http:\/\/www.abssensor.net\/en\/index.php\/hakkimizda\/","title":{"rendered":"Hakk\u0131m\u0131zda"},"content":{"rendered":"<p>MG TEKN\u0130K was founded in 2017 by MEHMET GED\u0130K. No quarter century of experience in manufacturing production in Turkey in automotive sector with ABS, Volante and Water Level Sensor has decided to production.<\/p>\n<p>MG Teknik Otomotiv has successfully passed the quality and durability tests.<\/p>\n<p>The lack of production in Turkey and outside sensor group to reduce dependence on large degree of R &amp; D activities in 2017, has been completed successfully with specialized staff and technical solutions.<\/p>\n<p>In 2018, MG TEKN\u0130K OTOMOT\u0130V \u0130N\u015eAAT MAK\u0130NE SANAY\u0130 T\u0130C.LTD.\u015eT\u0130. It was established. Turkey has started to export a corporation and considering customer satisfaction and demand in the four continents of the world.<\/p>\n<p>&#8221; TO PROVIDE THE BEST SOLUTION WITH THE BEST SERVICE &#8221; is our most important principle and mission that we cannot give up.<\/p>\n<p>It is our plan and vision to be a company that is sought and followed as a reference model by all companies in the sector we are in.<\/p>\n<p>MG TEKN\u0130K AUTOMOTIVE will continue with its quality and unique designs, new products in the automotive group and R&amp;D studies.<\/p>\n","protected":false},"excerpt":{"rendered":"<p>MG TEKN\u0130K was founded in 2017 by MEHMET GED\u0130K. No quarter century of experience in manufacturing production in Turkey in automotive sector with ABS, Volante and Water Level Sensor has decided to production. MG Teknik Otomotiv has successfully passed the quality and durability tests. The lack of production in Turkey and outside sensor group to [&hellip;]<\/p>\n","protected":false},"author":1,"featured_media":765,"parent":0,"menu_order":0,"comment_status":"closed","ping_status":"closed","template":"","meta":{"footnotes":""},"aioseo_notices":[],"_links":{"self":[{"href":"http:\/\/www.abssensor.net\/en\/index.php\/wp-json\/wp\/v2\/pages\/11"}],"collection":[{"href":"http:\/\/www.abssensor.net\/en\/index.php\/wp-json\/wp\/v2\/pages"}],"about":[{"href":"http:\/\/www.abssensor.net\/en\/index.php\/wp-json\/wp\/v2\/types\/page"}],"author":[{"embeddable":true,"href":"http:\/\/www.abssensor.net\/en\/index.php\/wp-json\/wp\/v2\/users\/1"}],"replies":[{"embeddable":true,"href":"http:\/\/www.abssensor.net\/en\/index.php\/wp-json\/wp\/v2\/comments?post=11"}],"version-history":[{"count":5,"href":"http:\/\/www.abssensor.net\/en\/index.php\/wp-json\/wp\/v2\/pages\/11\/revisions"}],"predecessor-version":[{"id":1339,"href":"http:\/\/www.abssensor.net\/en\/index.php\/wp-json\/wp\/v2\/pages\/11\/revisions\/1339"}],"wp:featuredmedia":[{"embeddable":true,"href":"http:\/\/www.abssensor.net\/en\/index.php\/wp-json\/wp\/v2\/media\/765"}],"wp:attachment":[{"href":"http:\/\/www.abssensor.net\/en\/index.php\/wp-json\/wp\/v2\/media?parent=11"}],"curies":[{"name":"wp","href":"https:\/\/api.w.org\/{rel}","templated":true}]}}